{"id":3888,"date":"2018-11-09T17:12:04","date_gmt":"2018-11-09T22:12:04","guid":{"rendered":"http:\/\/barkmere.ca\/?page_id=3888"},"modified":"2026-04-18T09:16:01","modified_gmt":"2026-04-18T14:16:01","slug":"les-proces-verbaux","status":"publish","type":"page","link":"https:\/\/barkmere.ca\/?page_id=3888","title":{"rendered":"Avis publics et projets de r\u00e8glement"},"content":{"rendered":"<h4>\u00a0<\/h4>\n<h4><strong>Avis de Motion\u00a0<\/strong><\/h4>\n<ul>\n<li><a href=\"http:\/\/barkmere.ca\/wp-content\/uploads\/2022\/11\/Avis-de-motion.pdf\"><strong>Avis de motion<\/strong><\/a><a href=\"http:\/\/barkmere.ca\/wp-content\/uploads\/2022\/11\/Avis-de-motion.pdf\"><strong> R\u00e8glement #274<\/strong><\/a><\/li>\n<li><strong><a href=\"http:\/\/barkmere.ca\/wp-content\/uploads\/2022\/12\/Avis-de-motion.pdf\">Avis de motion r\u00e8glement #275<\/a><\/strong><\/li>\n<li><a href=\"http:\/\/barkmere.ca\/wp-content\/uploads\/2022\/12\/Avis-de-motion-1.pdf\"><strong>Avis de motion r\u00e8glement #276<\/strong><\/a><\/li>\n<li><a href=\"http:\/\/barkmere.ca\/wp-content\/uploads\/2023\/03\/Avis-de-motion_277.pdf\"><strong>Avis de motion r\u00e8glement #277<\/strong><\/a><\/li>\n<li><a href=\"http:\/\/barkmere.ca\/wp-content\/uploads\/2023\/03\/Avis-de-motion_278.pdf\"><strong>Avis de motion r\u00e8glement #278<\/strong><\/a><\/li>\n<li><strong><a href=\"http:\/\/barkmere.ca\/wp-content\/uploads\/2024\/07\/Avis-de-motion-281-2.pdf\">Avis de motion r\u00e8glement #281<\/a><\/strong><\/li>\n<li><a href=\"http:\/\/barkmere.ca\/wp-content\/uploads\/2024\/10\/Avis-de-motion-282.pdf\"><strong>Avis de motion r\u00e8glement #282<\/strong><\/a><\/li>\n<li><a href=\"http:\/\/barkmere.ca\/wp-content\/uploads\/2024\/10\/Avis-de-motion-283.pdf\"><strong>Avis de motion r\u00e8glement #283<\/strong><\/a><\/li>\n<li><a href=\"http:\/\/barkmere.ca\/wp-content\/uploads\/2024\/10\/Avis-de-motion-284.pdf\"><strong>Avis de motion r\u00e8glement #284<\/strong><\/a><\/li>\n<li><a href=\"http:\/\/barkmere.ca\/wp-content\/uploads\/2024\/10\/Avis-de-motion-285.pdf\"><strong>Avis de motion r\u00e8glement #285<\/strong><\/a><\/li>\n<li><a href=\"http:\/\/barkmere.ca\/wp-content\/uploads\/2024\/10\/Avis-de-motion-286.pdf\"><strong>Avis de motion r\u00e8glement #286<\/strong><\/a><\/li>\n<li><a href=\"http:\/\/barkmere.ca\/wp-content\/uploads\/2024\/10\/Avis-de-motion-287.pdf\"><strong>Avis de motion r\u00e8glement #287<\/strong><\/a><\/li>\n<li><strong><a href=\"http:\/\/barkmere.ca\/wp-content\/uploads\/2024\/10\/Avis-de-motion-288.pdf\">Avis de motion r\u00e8glement #288<\/a><\/strong><\/li>\n<li><a href=\"http:\/\/barkmere.ca\/wp-content\/uploads\/2025\/04\/Avis-de-motion-289.pdf\"><strong>Avis de motion r\u00e8glement\u00a0#289<\/strong><\/a><\/li>\n<li><a href=\"http:\/\/barkmere.ca\/wp-content\/uploads\/2024\/12\/Avis-de-motion-290.pdf\"><strong>Avis de motion r\u00e8glement #290<\/strong><\/a><\/li>\n<li><strong><a href=\"https:\/\/barkmere.ca\/wp-content\/uploads\/2025\/07\/Avis-de-motion-291.pdf\">Avis de motion r\u00e8glement #291<\/a><\/strong><\/li>\n<li><a href=\"https:\/\/barkmere.ca\/wp-content\/uploads\/2026\/03\/Avis-de-motion-bilingue.pdf\"><strong>Avis de motion r\u00e8glement #292<\/strong><\/a><\/li>\n<li><strong><a href=\"https:\/\/barkmere.ca\/wp-content\/uploads\/2025\/07\/Avis-de-motion-293.pdf\">Avis de motion r\u00e8glement #293<\/a><\/strong><\/li>\n<li><strong><a href=\"https:\/\/barkmere.ca\/wp-content\/uploads\/2025\/08\/Avis-de-motion-294.pdf\">Avis de motion r\u00e8glement #294<\/a><\/strong><\/li>\n<li><strong><a href=\"https:\/\/barkmere.ca\/wp-content\/uploads\/2026\/01\/Avis-de-motion-295.pdf\">Avis de motion r\u00e8glement #295<\/a><\/strong><\/li>\n<\/ul>\n<hr \/>\n<h4><strong>Projet de R\u00e8glement<\/strong><\/h4>\n<ul>\n<li><strong><a href=\"http:\/\/barkmere.ca\/wp-content\/uploads\/2023\/03\/277_projet.pdf\">Projet de r\u00e8glements #277<\/a><\/strong><\/li>\n<li><strong><a href=\"http:\/\/barkmere.ca\/wp-content\/uploads\/2023\/03\/278_PROJET.pdf\">Projet de r\u00e8glement #278<\/a><\/strong><\/li>\n<li><a href=\"http:\/\/barkmere.ca\/wp-content\/uploads\/2023\/12\/Projet-de-r\u00e8glement_280_Taxation2024_FR_ENG.pdf\"><strong>Projet de r\u00e8glement\u00a0#280<\/strong><\/a><\/li>\n<li><a href=\"http:\/\/barkmere.ca\/wp-content\/uploads\/2024\/11\/1er_-PR_PU_282.pdf\"><strong>Projet de r\u00e8glement #282<\/strong><\/a><\/li>\n<li><a href=\"http:\/\/barkmere.ca\/wp-content\/uploads\/2024\/10\/PROJET_283.pdf\"><strong>Projet de r\u00e8glement #283<\/strong><\/a><\/li>\n<li><strong><a href=\"http:\/\/barkmere.ca\/wp-content\/uploads\/2024\/10\/PROJET_fr.pdf\">Projet de r\u00e8glement #284<\/a><\/strong><\/li>\n<li><strong><a href=\"http:\/\/barkmere.ca\/wp-content\/uploads\/2024\/10\/PROJET_FR.pdf\">Projet de r\u00e8glement #285<\/a><\/strong><\/li>\n<li><strong><a href=\"http:\/\/barkmere.ca\/wp-content\/uploads\/2024\/11\/PROJET_fr_286.pdf\">Projet de r\u00e8glement #286<\/a><\/strong><\/li>\n<li><strong><a href=\"http:\/\/barkmere.ca\/wp-content\/uploads\/2024\/10\/projet_fr.pdf\">Projet de r\u00e8glement #287<\/a><\/strong><\/li>\n<li><strong><a href=\"http:\/\/barkmere.ca\/wp-content\/uploads\/2024\/11\/PREMIER-PROJET_fr-2.pdf\">Projet de r\u00e8glement #288<\/a><\/strong><\/li>\n<li><strong><a href=\"http:\/\/barkmere.ca\/wp-content\/uploads\/2025\/04\/Projet-r\u00e8glement-289.pdf\">Projet de r\u00e8glement <\/a><a href=\"http:\/\/barkmere.ca\/wp-content\/uploads\/2024\/11\/PREMIER-PROJET_fr-2.pdf\">#<\/a><a href=\"http:\/\/barkmere.ca\/wp-content\/uploads\/2025\/04\/Projet-r\u00e8glement-289.pdf\">289<\/a><\/strong><\/li>\n<li><strong><a href=\"https:\/\/barkmere.ca\/wp-content\/uploads\/2026\/03\/Projet-de-reglement-292.pdf\">Projet de r\u00e8glement #292<\/a><\/strong><\/li>\n<li><strong><a href=\"https:\/\/barkmere.ca\/wp-content\/uploads\/2025\/07\/PREMIER-PROJET_fr.pdf\">Projet de r\u00e8glement #293<\/a><\/strong><\/li>\n<\/ul>\n<hr \/>\n<h4><strong>Avis Publics 2026<\/strong><\/h4>\n<ul>\n<li><strong><a href=\"https:\/\/barkmere.ca\/wp-content\/uploads\/2026\/01\/AP_EntreeEnVigueurReglement295_FR.pdf\">Entr\u00e9e en vigueur du r\u00e8glement 295<\/a><\/strong><\/li>\n<li><strong><a href=\"https:\/\/barkmere.ca\/wp-content\/uploads\/2026\/01\/AP_-EntreeEnVigueurReglement296_FR.pdf\">Entr\u00e9e en vigueur du r\u00e8glement 296<\/a><\/strong><\/li>\n<li><strong><a href=\"https:\/\/barkmere.ca\/wp-content\/uploads\/2026\/01\/AP_-depot-du-role-de-perception-1.pdf\">D\u00e9p\u00f4t du r\u00f4le de perception 2026<\/a><\/strong><\/li>\n<li><strong><a href=\"https:\/\/barkmere.ca\/wp-content\/uploads\/2026\/04\/AP_-EntreeEnVigueurReglement-292.pdf\">Adoption du R\u00e8glement 292<\/a><\/strong><\/li>\n<\/ul>\n<hr \/>\n<h4><strong>Avis Publics 2025<\/strong><\/h4>\n<ul>\n<li><strong><a href=\"http:\/\/barkmere.ca\/wp-content\/uploads\/2025\/03\/AP_Entr%C3%A9eEnVigueur_282-283-284-285-286-287-et-288.pdf\">Entr\u00e9e en vigueur des R\u00e8glements 282, 283, 284, 285, 286 et 287<\/a><\/strong><\/li>\n<li><a href=\"http:\/\/barkmere.ca\/wp-content\/uploads\/2025\/04\/AP_Consultation_289.pdf\"><strong>Consultation sur le projet de r\u00e8glement 289<\/strong><\/a><\/li>\n<li><strong><a href=\"https:\/\/barkmere.ca\/wp-content\/uploads\/2025\/07\/AP_EntreeenVigueur289_FR.pdf\">Entr\u00e9e en vigueur du r\u00e8glement 289<\/a><\/strong><\/li>\n<li><strong><a href=\"https:\/\/barkmere.ca\/wp-content\/uploads\/2025\/07\/AP_-Consultation-Projet-Reglement-293_FR.pdf\">Consultation sur le projet de r\u00e8glement 293<\/a><\/strong><\/li>\n<li><strong><a href=\"https:\/\/barkmere.ca\/wp-content\/uploads\/2025\/10\/AP_DuResultatElections.pdf\">R\u00e9sultats de l&rsquo;\u00e9lection 2025<\/a><\/strong><\/li>\n<li><strong><a href=\"http:\/\/barkmere.ca\/wp-content\/uploads\/2024\/12\/AP_FR_Budget-2025-et-prog-triennal-immo.pdf\">Adoption du budget 2026 et du programme triennal d&rsquo;immobilisation<\/a><\/strong><\/li>\n<li><strong><a href=\"https:\/\/barkmere.ca\/wp-content\/uploads\/2025\/12\/AP_Seances-2026_FR-1.pdf\">Adoption du calendrier des s\u00e9ances du conseil 2026<\/a><\/strong><\/li>\n<li><strong><a href=\"https:\/\/barkmere.ca\/wp-content\/uploads\/2026\/01\/AP_EntreeEnVigueur17janvier295.pdf\">Entr\u00e9e en vigueur &#8211; 17 janvier 2026 &#8211; R\u00e8glement 295<\/a><\/strong><\/li>\n<\/ul>\n<hr \/>\n<h4><strong>Avis Publics 2024<\/strong><\/h4>\n<ul>\n<li><strong><a href=\"http:\/\/barkmere.ca\/wp-content\/uploads\/2024\/07\/AP_Assembl\u00e9eDinformationAireProt\u00e9g\u00e9e.pdf\">Assembl\u00e9e d&rsquo;information &#8211; Projet d&rsquo;aire prot\u00e9g\u00e9e Barkmere &#8211; Montcalm<\/a><\/strong><\/li>\n<li><a href=\"http:\/\/barkmere.ca\/wp-content\/uploads\/2024\/09\/AP_R\u00f4le-d\u00e9valuation-triennal-2025-2026-2027.pdf\"><strong>R\u00f4le d&rsquo;\u00e9valuation triennal 2025-2026-2027<\/strong><\/a><\/li>\n<li><strong><a href=\"http:\/\/barkmere.ca\/wp-content\/uploads\/2024\/10\/FR_AP_-Consultation-Projet-R\u00e8glements-282-283-284-285-286-287-et-288.pdf\">Consultation sur les projets de r\u00e8glement 282, 283, 284, 285, 286, 287, et 288<\/a><\/strong><\/li>\n<li><strong><a href=\"http:\/\/barkmere.ca\/wp-content\/uploads\/2024\/12\/AP_FR_Budget-2025-et-prog-triennal-immo.pdf\">Adoption du budget 2025 et du programme triennal d&rsquo;immobilisation<\/a><\/strong><\/li>\n<li><strong><a href=\"http:\/\/barkmere.ca\/wp-content\/uploads\/2024\/12\/AP_S\u00e9ances-2025_FR.pdf\">Adoption du calendrier des s\u00e9ances du conseil de 2025<\/a><\/strong><\/li>\n<li><strong><a href=\"http:\/\/barkmere.ca\/wp-content\/uploads\/2024\/12\/AP_Adoption_R\u00e8glements-282-283-284-285-286-287-et-288.pdf\">Adoption des r\u00e8glements et recours possible aupr\u00e8s de la CMQ<\/a><\/strong><\/li>\n<\/ul>\n<hr \/>\n<h4><strong>Avis Publics 2023<\/strong><\/h4>\n<ul>\n<li><a href=\"http:\/\/barkmere.ca\/wp-content\/uploads\/2023\/03\/AP_-Entr\u00e9eEnVigueurR\u00e8glement275FINAL.pdf\"><strong>Adoption et entr\u00e9e en vigueur du R\u00e8glement 275\u00a0<\/strong><\/a><\/li>\n<li><strong><a href=\"http:\/\/barkmere.ca\/wp-content\/uploads\/2023\/03\/AP_-Entr\u00e9eEnVigueurR\u00e8glement276FINAL.pdf\">Adoption et entr\u00e9e en vigueur du R\u00e8glement 276<\/a><\/strong><\/li>\n<li><a href=\"http:\/\/barkmere.ca\/wp-content\/uploads\/2023\/04\/AP_-Entr\u00e9eEnVigueurR\u00e8glement277FINAL.pdf\"><strong>Adoption et entr\u00e9e en vigueur du R\u00e8glement 277<\/strong><\/a><\/li>\n<li><a href=\"http:\/\/barkmere.ca\/wp-content\/uploads\/2023\/04\/AP_-Entr\u00e9eEnVigueurR\u00e8glement278FINAL.pdf\"><strong>Adoption et entr\u00e9e en vigueur du R\u00e8glement 278<\/strong><\/a><\/li>\n<li><a href=\"http:\/\/barkmere.ca\/wp-content\/uploads\/2023\/04\/AP_-Rapport-Financier_2022.pdf\"><strong>D\u00e9p\u00f4t du rapport du v\u00e9rificateur externe 2022<\/strong><\/a><\/li>\n<li><a href=\"http:\/\/barkmere.ca\/wp-content\/uploads\/2023\/11\/AP_-Budget-2024-et-prog-triennal-immo_FR.pdf\"><strong>Adoption du budget 2024 et du programme triennal d&rsquo;immobilisation<\/strong><\/a><\/li>\n<li><strong><a href=\"http:\/\/barkmere.ca\/wp-content\/uploads\/2023\/12\/AP_S\u00e9ances-2024_FR.pdf\">Adoption du calendrier des s\u00e9ances du conseil de 2024<\/a><\/strong><\/li>\n<\/ul>\n<hr \/>\n<h4><strong>Avis Publics 2022<\/strong><\/h4>\n<ul>\n<li><a href=\"http:\/\/barkmere.ca\/wp-content\/uploads\/2022\/09\/AP_-Entr\u00e9eEnVigueurR\u00e8glement-268.pdf\"><strong>Entr\u00e9e en vigueur du R\u00e8glement 268<\/strong><\/a><\/li>\n<li><a href=\"http:\/\/barkmere.ca\/wp-content\/uploads\/2022\/09\/Avis-entr\u00e9e-en-vigueur-269-273.pdf\"><strong>Entr\u00e9e en vigueur des r\u00e8glements 269 \u00e0 273<\/strong><\/a><\/li>\n<li><strong><a href=\"http:\/\/barkmere.ca\/wp-content\/uploads\/2022\/08\/AVIS-AUX-PERSONNES-INT\u00c9RESS\u00c9ES.pdf\">Personnes int\u00e9ress\u00e9es ayant le droit de signer une demande de participation a un r\u00e9f\u00e9rendum<\/a><\/strong><\/li>\n<li><a href=\"http:\/\/barkmere.ca\/wp-content\/uploads\/2022\/07\/AP_ass_de_cons_268_FR.pdf\"><strong>Entr\u00e9e en vigueur du R\u00e8glement 268<\/strong><\/a><\/li>\n<li><a href=\"http:\/\/barkmere.ca\/wp-content\/uploads\/2022\/03\/AP_-Entr\u00e9eEnVigueurR\u00e8glement265FINAL.pdf\"><strong>Adoption et entr\u00e9e en vigueur du R\u00e8glement 265\u00a0<\/strong><\/a><\/li>\n<li><strong><a href=\"http:\/\/barkmere.ca\/wp-content\/uploads\/2022\/01\/AP_-Entr\u00e9eEnVigueurR\u00e8glement-266.pdf\">Adoption et entr\u00e9e en vigueur du R\u00e8glement 266<\/a>\u00a0<\/strong><\/li>\n<li><a href=\"http:\/\/barkmere.ca\/wp-content\/uploads\/2022\/01\/Avis-Public-Adoption-de-267.pdf\"><strong>Adoption du R\u00e8glement 267<\/strong><\/a><\/li>\n<li><strong><a href=\"http:\/\/barkmere.ca\/wp-content\/uploads\/2022\/02\/AP_-Entr\u00e9eEnVigueurR\u00e8glement267_FR.pdf\">Entr\u00e9e en vigueur du R\u00e8gleme<\/a><a href=\"http:\/\/barkmere.ca\/wp-content\/uploads\/2022\/02\/AP_-Entr\u00e9eEnVigueurR\u00e8glement267_FR.pdf\">nt 267\u00a0<\/a><\/strong><\/li>\n<li><strong><a href=\"http:\/\/barkmere.ca\/wp-content\/uploads\/2022\/04\/AP_-Rapport-Financier_2021_FR.pdf\">D\u00e9p\u00f4t du rapport du v\u00e9rificateur externe 2021<\/a><\/strong><\/li>\n<li><strong><a href=\"http:\/\/barkmere.ca\/wp-content\/uploads\/2022\/04\/REMISE-DE-S\u00c9ANCE.pdf\">Remise de s\u00e9ance du conseil avril 2022\u00a0<\/a><\/strong><\/li>\n<li><a href=\"http:\/\/barkmere.ca\/wp-content\/uploads\/2022\/11\/AP_-Budget-2023-et-prog-triennal-immo-FR.pdf\"><strong>Adoption du budget 2023 et du programme triennal d&rsquo;immobilisation <\/strong><\/a><\/li>\n<li><a href=\"http:\/\/barkmere.ca\/wp-content\/uploads\/2022\/12\/AP_S\u00e9ances-2023_FR.pdf\"><strong>Calendrier des s\u00e9ances du conseil 2023<\/strong><\/a><\/li>\n<li><a href=\"http:\/\/barkmere.ca\/wp-content\/uploads\/2022\/12\/AP_-Budget-2023-et-prog-triennal-immo-FR.pdf\"><strong>Adoption du budget 2023 et du programme triennal d&rsquo;immobilisations<\/strong><\/a><\/li>\n<\/ul>\n<hr \/>\n<h4><strong>Avis Publics 2021<\/strong><\/h4>\n<ul>\n<li><span style=\"color: #000000;\"><a style=\"color: #000000;\" href=\"http:\/\/barkmere.ca\/wp-content\/uploads\/2021\/12\/AP_VENTE_POUR_TAXES_FR.pdf\"><strong>Vente pour d\u00e9faut de paiement de taxes fonci\u00e8res et droits sur les mutations immobili\u00e8res<\/strong><\/a><\/span><\/li>\n<li><strong><a href=\"http:\/\/barkmere.ca\/wp-content\/uploads\/2021\/11\/AP_-Budget-2022-et-prog-triennal-immo_FR.pdf\">Adoption du budget 2022 et du programme triennal d&rsquo;immobilisations\u00a0<\/a><\/strong><\/li>\n<li><span style=\"color: #0000ff;\"><strong><a style=\"color: #0000ff;\" href=\"http:\/\/barkmere.ca\/wp-content\/uploads\/2021\/09\/AP_R\u00f4le-d\u00e9valuation-triennal-2022-2023-2024.pdf\">R\u00f4le d&rsquo;\u00e9valuation triennal &#8211; 2022-2023-2024<\/a><\/strong><\/span><\/li>\n<li><a href=\"http:\/\/barkmere.ca\/wp-content\/uploads\/2021\/06\/AP_-Entr\u00e9eEnVigueurR\u00e8glement_263_FR.pdf\"><strong>Adoption et entr\u00e9e en vigueur du R\u00e8glement 263<\/strong><\/a><\/li>\n<li><a href=\"http:\/\/barkmere.ca\/wp-content\/uploads\/2021\/03\/AP_-Rapport-Financier_2020.pdf\"><strong>D\u00e9p\u00f4t du rapport financier pour l&rsquo;ann\u00e9e 2020\u00a0<\/strong><\/a><\/li>\n<li><a href=\"http:\/\/barkmere.ca\/wp-content\/uploads\/2021\/03\/AP_-Entr\u00e9eEnVigueurR\u00e8glement-257.pdf\"><strong>Adoption et entr\u00e9e en vigueur du R\u00e8glement 257<\/strong><\/a><\/li>\n<li><a href=\"http:\/\/barkmere.ca\/wp-content\/uploads\/2021\/01\/AP_Perception-1.pdf\"><strong>D\u00e9p\u00f4t du r\u00f4le de perception<\/strong><\/a><\/li>\n<li><strong><a href=\"http:\/\/barkmere.ca\/wp-content\/uploads\/2021\/01\/AP_Calendrier-des-s\u00e9ances.pdf\">Calendrier des s\u00e9ances du conseil 2021<\/a><\/strong><\/li>\n<li><strong><a href=\"http:\/\/barkmere.ca\/wp-content\/uploads\/2021\/01\/AP_-Entr\u00e9eEnVigueurR\u00e8glement260_FRA.pdf\">Adoption et entr\u00e9e en vigueur du R\u00e8glement 260<\/a><\/strong><\/li>\n<li><strong><a href=\"http:\/\/barkmere.ca\/wp-content\/uploads\/2021\/01\/AP_-Entr\u00e9eEnVigueurR\u00e8glement261_FRA.pdf\">Adoption et entr\u00e9e en vigueur du R\u00e8glement 261<\/a><\/strong><\/li>\n<li><a href=\"http:\/\/barkmere.ca\/wp-content\/uploads\/2020\/12\/AP_-Entr\u00e9eEnVigueurR\u00e8glement-258.pdf\"><strong>Adoption et entr\u00e9e en vigueur du R\u00e8glement 258<\/strong><\/a><\/li>\n<li><a href=\"http:\/\/barkmere.ca\/wp-content\/uploads\/2020\/12\/AP_-Budget-2021-et-prog-triennal-immo-FRA.pdf\"><strong>Adoption du budget 2021 et du programme triennal d&rsquo;immobilisations<\/strong><\/a><\/li>\n<\/ul>\n\n\n<ul>\n<li><\/li>\n<\/ul>\n","protected":false},"excerpt":{"rendered":"<p><strong>Avis de Motion\u00a0<\/strong><\/p>\n<ul>\n<li><a href=\"http:\/\/barkmere.ca\/wp-content\/uploads\/2022\/11\/Avis-de-motion.pdf\"><strong>Avis de motion<\/strong><\/a><a href=\"http:\/\/barkmere.ca\/wp-content\/uploads\/2022\/11\/Avis-de-motion.pdf\"><strong> R\u00e8glement #274<\/strong><\/a><\/li>\n<li><strong><a href=\"http:\/\/barkmere.ca\/wp-content\/uploads\/2022\/12\/Avis-de-motion.pdf\">Avis de motion r\u00e8glement #275<\/a><\/strong><\/li>\n<li><a href=\"http:\/\/barkmere.ca\/wp-content\/uploads\/2022\/12\/Avis-de-motion-1.pdf\"><strong>Avis de motion r\u00e8glement #276<\/strong><\/a><\/li>\n<li><a href=\"http:\/\/barkmere.ca\/wp-content\/uploads\/2023\/03\/Avis-de-motion_277.pdf\"><strong>Avis de motion r\u00e8glement #277<\/strong><\/a><\/li>\n<li><a href=\"http:\/\/barkmere.ca\/wp-content\/uploads\/2023\/03\/Avis-de-motion_278.pdf\"><strong>Avis de motion r\u00e8glement #278<\/strong><\/a><\/li>\n<li><strong><a href=\"http:\/\/barkmere.ca\/wp-content\/uploads\/2024\/07\/Avis-de-motion-281-2.pdf\">Avis de motion r\u00e8glement #281<\/a><\/strong><\/li>\n<li><a href=\"http:\/\/barkmere.ca\/wp-content\/uploads\/2024\/10\/Avis-de-motion-282.pdf\"><strong>Avis de motion r\u00e8glement #282<\/strong><\/a><\/li>\n<li><a href=\"http:\/\/barkmere.ca\/wp-content\/uploads\/2024\/10\/Avis-de-motion-283.pdf\"><strong>Avis de motion r\u00e8glement #283<\/strong><\/a><\/li>\n<li><a href=\"http:\/\/barkmere.ca\/wp-content\/uploads\/2024\/10\/Avis-de-motion-284.pdf\"><strong>Avis de motion r\u00e8glement #284<\/strong><\/a><\/li>\n<li><a href=\"http:\/\/barkmere.ca\/wp-content\/uploads\/2024\/10\/Avis-de-motion-285.pdf\"><strong>Avis de motion r\u00e8glement #285<\/strong><\/a><\/li>\n<li><a href=\"http:\/\/barkmere.ca\/wp-content\/uploads\/2024\/10\/Avis-de-motion-286.pdf\"><strong>Avis de motion r\u00e8glement #286<\/strong><\/a><\/li>\n<li><a href=\"http:\/\/barkmere.ca\/wp-content\/uploads\/2024\/10\/Avis-de-motion-287.pdf\"><strong>Avis de motion r\u00e8glement #287<\/strong><\/a><\/li>\n<li><strong><a href=\"http:\/\/barkmere.ca\/wp-content\/uploads\/2024\/10\/Avis-de-motion-288.pdf\">Avis de motion r\u00e8glement #288<\/a><\/strong><\/li>\n<li><a href=\"http:\/\/barkmere.ca\/wp-content\/uploads\/2025\/04\/Avis-de-motion-289.pdf\"><strong>Avis de motion r\u00e8glement\u00a0#289<\/strong><\/a><\/li>\n<li><a href=\"http:\/\/barkmere.ca\/wp-content\/uploads\/2024\/12\/Avis-de-motion-290.pdf\"><strong>Avis de motion r\u00e8glement #290<\/strong><\/a><\/li>\n<li><strong><a href=\"https:\/\/barkmere.ca\/wp-content\/uploads\/2025\/07\/Avis-de-motion-291.pdf\">Avis de motion r\u00e8glement #291<\/a><\/strong><\/li>\n<li><a href=\"https:\/\/barkmere.ca\/wp-content\/uploads\/2026\/03\/Avis-de-motion-bilingue.pdf\"><strong>Avis de motion r\u00e8glement #292<\/strong><\/a><\/li>\n<li><strong><a href=\"https:\/\/barkmere.ca\/wp-content\/uploads\/2025\/07\/Avis-de-motion-293.pdf\">Avis de motion r\u00e8glement #293<\/a><\/strong><\/li>\n<li><strong><a href=\"https:\/\/barkmere.ca\/wp-content\/uploads\/2025\/08\/Avis-de-motion-294.pdf\">Avis de motion r\u00e8glement #294<\/a><\/strong><\/li>\n<li><strong><a href=\"https:\/\/barkmere.ca\/wp-content\/uploads\/2026\/01\/Avis-de-motion-295.pdf\">Avis de motion r\u00e8glement #295<\/a><\/strong><\/li>\n<\/ul>\n<p><strong>Projet de R\u00e8glement<\/strong><\/p>\n<ul>\n<li><strong><a href=\"http:\/\/barkmere.ca\/wp-content\/uploads\/2023\/03\/277_projet.pdf\">Projet de r\u00e8glements #277<\/a><\/strong><\/li>\n<li><strong><a href=\"http:\/\/barkmere.ca\/wp-content\/uploads\/2023\/03\/278_PROJET.pdf\">Projet de r\u00e8glement #278<\/a><\/strong><\/li>\n<li><a href=\"http:\/\/barkmere.ca\/wp-content\/uploads\/2023\/12\/Projet-de-r\u00e8glement_280_Taxation2024_FR_ENG.pdf\"><strong>Projet de r\u00e8glement\u00a0#280<\/strong><\/a><\/li>\n<li><a href=\"http:\/\/barkmere.ca\/wp-content\/uploads\/2024\/11\/1er_-PR_PU_282.pdf\"><strong>Projet de r\u00e8glement #282<\/strong><\/a><\/li>\n<li><a href=\"http:\/\/barkmere.ca\/wp-content\/uploads\/2024\/10\/PROJET_283.pdf\"><strong>Projet de r\u00e8glement #283<\/strong><\/a><\/li>\n<li><strong><a href=\"http:\/\/barkmere.ca\/wp-content\/uploads\/2024\/10\/PROJET_fr.pdf\">Projet de r\u00e8glement #284<\/a><\/strong><\/li>\n<li><strong><a href=\"http:\/\/barkmere.ca\/wp-content\/uploads\/2024\/10\/PROJET_FR.pdf\">Projet de r\u00e8glement #285<\/a><\/strong><\/li>\n<li><strong><a href=\"http:\/\/barkmere.ca\/wp-content\/uploads\/2024\/11\/PROJET_fr_286.pdf\">Projet de r\u00e8glement #286<\/a><\/strong><\/li>\n<li><strong><a href=\"http:\/\/barkmere.ca\/wp-content\/uploads\/2024\/10\/projet_fr.pdf\">Projet de r\u00e8glement #287<\/a><\/strong><\/li>\n<li><strong><a href=\"http:\/\/barkmere.ca\/wp-content\/uploads\/2024\/11\/PREMIER-PROJET_fr-2.pdf\">Projet de r\u00e8glement #288<\/a><\/strong><\/li>\n<li><strong><a href=\"http:\/\/barkmere.ca\/wp-content\/uploads\/2025\/04\/Projet-r\u00e8glement-289.pdf\">Projet de r\u00e8glement <\/a><a href=\"http:\/\/barkmere.ca\/wp-content\/uploads\/2024\/11\/PREMIER-PROJET_fr-2.pdf\">#<\/a><a href=\"http:\/\/barkmere.ca\/wp-content\/uploads\/2025\/04\/Projet-r\u00e8glement-289.pdf\">289<\/a><\/strong><\/li>\n<li><strong><a href=\"https:\/\/barkmere.ca\/wp-content\/uploads\/2026\/03\/Projet-de-reglement-292.pdf\">Projet de r\u00e8glement #292<\/a><\/strong><\/li>\n<li><strong><a href=\"https:\/\/barkmere.ca\/wp-content\/uploads\/2025\/07\/PREMIER-PROJET_fr.pdf\">Projet de r\u00e8glement #293<\/a><\/strong><\/li>\n<\/ul>\n<p><strong>Avis Publics 2026<\/strong><\/p>\n<ul>\n<li><strong><a href=\"https:\/\/barkmere.ca\/wp-content\/uploads\/2026\/01\/AP_EntreeEnVigueurReglement295_FR.pdf\">Entr\u00e9e en vigueur du r\u00e8glement 295<\/a><\/strong><\/li>\n<li><strong><a href=\"https:\/\/barkmere.ca\/wp-content\/uploads\/2026\/01\/AP_-EntreeEnVigueurReglement296_FR.pdf\">Entr\u00e9e en vigueur du r\u00e8glement 296<\/a><\/strong><\/li>\n<li><strong><a href=\"https:\/\/barkmere.ca\/wp-content\/uploads\/2026\/01\/AP_-depot-du-role-de-perception-1.pdf\">D\u00e9p\u00f4t du r\u00f4le de perception 2026<\/a><\/strong><\/li>\n<li><strong><a href=\"https:\/\/barkmere.ca\/wp-content\/uploads\/2026\/04\/AP_-EntreeEnVigueurReglement-292.pdf\">Adoption du R\u00e8glement 292<\/a><\/strong><\/li>\n<\/ul>\n<p><strong>Avis Publics 2025<\/strong><\/p>\n<ul>\n<li><strong><a href=\"http:\/\/barkmere.ca\/wp-content\/uploads\/2025\/03\/AP_Entr%C3%A9eEnVigueur_282-283-284-285-286-287-et-288.pdf\">Entr\u00e9e en vigueur des R\u00e8glements 282,<\/a><\/strong><\/li>\n<\/ul>\n","protected":false},"author":1,"featured_media":0,"parent":2421,"menu_order":0,"comment_status":"closed","ping_status":"closed","template":"","meta":[],"_links":{"self":[{"href":"https:\/\/barkmere.ca\/index.php?rest_route=\/wp\/v2\/pages\/3888"}],"collection":[{"href":"https:\/\/barkmere.ca\/index.php?rest_route=\/wp\/v2\/pages"}],"about":[{"href":"https:\/\/barkmere.ca\/index.php?rest_route=\/wp\/v2\/types\/page"}],"author":[{"embeddable":true,"href":"https:\/\/barkmere.ca\/index.php?rest_route=\/wp\/v2\/users\/1"}],"replies":[{"embeddable":true,"href":"https:\/\/barkmere.ca\/index.php?rest_route=%2Fwp%2Fv2%2Fcomments&post=3888"}],"version-history":[{"count":231,"href":"https:\/\/barkmere.ca\/index.php?rest_route=\/wp\/v2\/pages\/3888\/revisions"}],"predecessor-version":[{"id":6900,"href":"https:\/\/barkmere.ca\/index.php?rest_route=\/wp\/v2\/pages\/3888\/revisions\/6900"}],"up":[{"embeddable":true,"href":"https:\/\/barkmere.ca\/index.php?rest_route=\/wp\/v2\/pages\/2421"}],"wp:attachment":[{"href":"https:\/\/barkmere.ca\/index.php?rest_route=%2Fwp%2Fv2%2Fmedia&parent=3888"}],"curies":[{"name":"wp","href":"https:\/\/api.w.org\/{rel}","templated":true}]}}